{"id":90,"date":"2020-12-29T16:48:48","date_gmt":"2020-12-29T07:48:48","guid":{"rendered":"http:\/\/endou.ws-seed.net\/?page_id=90"},"modified":"2021-06-05T15:23:55","modified_gmt":"2021-06-05T06:23:55","slug":"contact","status":"publish","type":"page","link":"https:\/\/endo-cake.com\/?page_id=90","title":{"rendered":"\u304a\u554f\u5408\u305b"},"content":{"rendered":"\n<p>\u5f53\u30b5\u30a4\u30c8\u306b\u95a2\u3059\u308b\u3054\u8cea\u554f\u30fb\u304a\u554f\u5408\u308f\u305b\u3001\u304a\u3088\u3073\u30ef\u30a4\u30f3\u306b\u95a2\u3059\u308b\u3054\u4f9d\u983c\u306f\u96fb\u8a71\u3082\u3057\u304f\u306f\u4e0b\u8a18\u30d5\u30a9\u30fc\u30e0\u3088\u308a\u3054\u9023\u7d61\u304f\u3060\u3055\u3044\u3002\u304a\u554f\u3044\u5408\u308f\u305b\u306e\u5185\u5bb9\u306b\u3088\u308a\u3001\u56de\u7b54\u307e\u3067\u306b\u304a\u6642\u9593\u3092\u3044\u305f\u3060\u304f\u5834\u5408\u3082\u3054\u3056\u3044\u307e\u3059\u306e\u3067\u3054\u4e86\u627f\u304f\u3060\u3055\u3044\u3002<\/p>\n\n\n\n<h2>\u96fb\u8a71\u3067\u306e\u554f\u3044\u5408\u308f\u305b<\/h2>\n\n\n\n<h2>TEL: 0248-22-5321<\/h2>\n\n\n\n<p>\u55b6\u696d\u6642\u9593\u30009\u664200\u5206\uff5e19\u664200\u5206\uff08\u5143\u65e6\u306e\u307f\u4f11\u696d\uff09<\/p>\n\n\n\n<hr class=\"wp-block-separator\"\/>\n\n\n\n<div class=\"wp-block-contact-form-7-contact-form-selector\"><div role=\"form\" class=\"wpcf7\" id=\"wpcf7-f89-o1\" lang=\"ja\" dir=\"ltr\">\n<div class=\"screen-reader-response\"><p role=\"status\" aria-live=\"polite\" aria-atomic=\"true\"><\/p> <ul><\/ul><\/div>\n<form action=\"\/index.php?rest_route=%2Fwp%2Fv2%2Fpages%2F90#wpcf7-f89-o1\" method=\"post\" class=\"wpcf7-form init\" novalidate=\"novalidate\" data-status=\"init\">\n<div style=\"display: none;\">\n<input type=\"hidden\" name=\"_wpcf7\" value=\"89\" \/>\n<input type=\"hidden\" name=\"_wpcf7_version\" value=\"5.5.6.1\" \/>\n<input type=\"hidden\" name=\"_wpcf7_locale\" value=\"ja\" \/>\n<input type=\"hidden\" name=\"_wpcf7_unit_tag\" value=\"wpcf7-f89-o1\" \/>\n<input type=\"hidden\" name=\"_wpcf7_container_post\" value=\"0\" \/>\n<input type=\"hidden\" name=\"_wpcf7_posted_data_hash\" value=\"\" \/>\n<input type=\"hidden\" name=\"_wpcf7_recaptcha_response\" value=\"\" \/>\n<\/div>\n<table class=\"table table-bordered table-striped table-contactform7\">\n<tr>\n<th><span class=\"required-contactform7\">\u5fc5\u9808<\/span><span class=\"title-contactform7\">\u304a\u540d\u524d<\/span><\/th>\n<td><span class=\"wpcf7-form-control-wrap your-name\"><input type=\"text\" name=\"your-name\" value=\"\" size=\"40\" class=\"wpcf7-form-control wpcf7-text wpcf7-validates-as-required\" aria-required=\"true\" aria-invalid=\"false\" placeholder=\"\u4f8b\uff1a\u6c0f\u540d\" \/><\/span><\/td>\n<\/tr>\n<tr>\n<th><span class=\"required-contactform7\">\u5fc5\u9808<\/span><span class=\"title-contactform7\">\u30e1\u30fc\u30eb\u30a2\u30c9\u30ec\u30b9<\/span><\/th>\n<td><span class=\"wpcf7-form-control-wrap your-email\"><input type=\"email\" name=\"your-email\" value=\"\" size=\"40\" class=\"wpcf7-form-control wpcf7-text wpcf7-email wpcf7-validates-as-required wpcf7-validates-as-email\" aria-required=\"true\" aria-invalid=\"false\" placeholder=\"\u4f8b\uff1a\u00d7\u00d7\u00d7@\u00d7\u00d7\u00d7.com\" \/><\/span><\/td>\n<\/tr>\n<tr>\n<th><span class=\"unrequired-contactform7\">\u4efb\u610f<\/span><span class=\"title-contactform7\">\u90f5\u4fbf\u756a\u53f7<\/span><\/th>\n<td><span class=\"wpcf7-form-control-wrap zip\"><input type=\"text\" name=\"zip\" value=\"\" size=\"40\" class=\"wpcf7-form-control wpcf7-text\" id=\"zip\" aria-invalid=\"false\" placeholder=\"\u4f8b\uff1a961-0831\" \/><\/span><\/td>\n<\/tr>\n<tr>\n<th><span class=\"unrequired-contactform7\">\u4efb\u610f<\/span><span class=\"title-contactform7\">\u90fd\u9053\u5e9c\u770c<\/span><\/th>\n<td><span class=\"wpcf7-form-control-wrap pref\"><input type=\"text\" name=\"pref\" value=\"\" size=\"40\" class=\"wpcf7-form-control wpcf7-text\" id=\"pref\" aria-invalid=\"false\" placeholder=\"\u4f8b\uff1a\u798f\u5cf6\u770c\" \/><\/span><\/td>\n<\/tr>\n<tr>\n<th><span class=\"unrequired-contactform7\">\u4efb\u610f<\/span><span class=\"title-contactform7\">\u3054\u4f4f\u6240<\/span><\/th>\n<td class=\"address-100\"><span class=\"wpcf7-form-control-wrap addr\"><input type=\"text\" name=\"addr\" value=\"\" size=\"40\" class=\"wpcf7-form-control wpcf7-text\" id=\"addr\" aria-invalid=\"false\" placeholder=\"\u4f8b\uff1a\u798f\u5cf6\u770c\u767d\u6cb3\u5e02\u8001\u4e45\u4fdd88-6\" \/><\/span><\/td>\n<\/tr>\n<tr>\n<th><span class=\"unrequired-contactform7\">\u4efb\u610f<\/span><span class=\"title-contactform7\">\u304a\u96fb\u8a71\u756a\u53f7<\/span><\/th>\n<td><span class=\"wpcf7-form-control-wrap tel\"><input type=\"text\" name=\"tel\" value=\"\" size=\"40\" class=\"wpcf7-form-control wpcf7-text\" aria-invalid=\"false\" placeholder=\"\u4f8b\uff1a000-0000-0000\" \/><\/span><\/td>\n<\/tr>\n<tr>\n<th><span class=\"required-contactform7\">\u5fc5\u9808<\/span><span class=\"title-contactform7\">\u304a\u554f\u5408\u305b\u5185\u5bb9<\/span><\/th>\n<td class=\"message-100\"><span class=\"wpcf7-form-control-wrap your-message\"><textarea name=\"your-message\" cols=\"40\" rows=\"10\" class=\"wpcf7-form-control wpcf7-textarea wpcf7-validates-as-required\" aria-required=\"true\" aria-invalid=\"false\" placeholder=\"\u3054\u8cea\u554f\u30fb\u304a\u554f\u5408\u308f\u305b\u5185\u5bb9\"><\/textarea><\/span><\/td>\n<\/tr>\n<\/table>\n<p class=\"text-xs-center\"><input type=\"submit\" value=\"\u9001\u4fe1\u3059\u308b\" class=\"wpcf7-form-control has-spinner wpcf7-submit btn btn-success btn-lg\" \/><\/p>\n<div class=\"wpcf7-response-output\" aria-hidden=\"true\"><\/div><\/form><\/div><\/div>\n","protected":false},"excerpt":{"rendered":"\u5f53\u30b5\u30a4\u30c8\u306b\u95a2\u3059\u308b\u3054\u8cea\u554f\u30fb\u304a\u554f\u5408\u308f\u305b\u3001\u304a\u3088\u3073\u30ef\u30a4\u30f3\u306b\u95a2\u3059\u308b\u3054\u4f9d\u983c\u306f\u96fb\u8a71\u3082\u3057\u304f\u306f\u4e0b\u8a18\u30d5\u30a9\u30fc\u30e0\u3088\u308a\u3054\u9023\u7d61\u304f\u3060\u3055\u3044\u3002\u304a\u554f\u3044\u5408\u308f\u305b\u306e\u5185\u5bb9\u306b\u3088\u308a\u3001\u56de\u7b54\u307e\u3067\u306b\u304a\u6642\u9593\u3092\u3044\u305f\u3060\u304f\u5834\u5408\u3082\u3054\u3056\u3044\u307e\u3059\u306e\u3067\u3054\u4e86\u627f\u304f\u3060\u3055\u3044\u3002 \u96fb\u8a71\u3067\u306e\u554f\u3044\u5408\u308f\u305b T [&hellip;]","protected":false},"author":1,"featured_media":0,"parent":0,"menu_order":0,"comment_status":"closed","ping_status":"closed","template":"mobile\/page-noside.php","meta":[],"_links":{"self":[{"href":"https:\/\/endo-cake.com\/index.php?rest_route=\/wp\/v2\/pages\/90"}],"collection":[{"href":"https:\/\/endo-cake.com\/index.php?rest_route=\/wp\/v2\/pages"}],"about":[{"href":"https:\/\/endo-cake.com\/index.php?rest_route=\/wp\/v2\/types\/page"}],"author":[{"embeddable":true,"href":"https:\/\/endo-cake.com\/index.php?rest_route=\/wp\/v2\/users\/1"}],"replies":[{"embeddable":true,"href":"https:\/\/endo-cake.com\/index.php?rest_route=%2Fwp%2Fv2%2Fcomments&post=90"}],"version-history":[{"count":2,"href":"https:\/\/endo-cake.com\/index.php?rest_route=\/wp\/v2\/pages\/90\/revisions"}],"predecessor-version":[{"id":93,"href":"https:\/\/endo-cake.com\/index.php?rest_route=\/wp\/v2\/pages\/90\/revisions\/93"}],"wp:attachment":[{"href":"https:\/\/endo-cake.com\/index.php?rest_route=%2Fwp%2Fv2%2Fmedia&parent=90"}],"curies":[{"name":"wp","href":"https:\/\/api.w.org\/{rel}","templated":true}]}}